{"id":131,"date":"2024-10-12T10:26:59","date_gmt":"2024-10-12T10:26:59","guid":{"rendered":"https:\/\/wp.sherparally.hu\/?page_id=131"},"modified":"2025-05-11T11:42:15","modified_gmt":"2025-05-11T10:42:15","slug":"gy-i-k","status":"publish","type":"page","link":"https:\/\/wp.sherparally.hu\/index.php\/eger\/gy-i-k\/","title":{"rendered":"GY.I.K."},"content":{"rendered":"\t\t<div data-elementor-type=\"wp-page\" data-elementor-id=\"131\" class=\"elementor elementor-131\" data-elementor-post-type=\"page\">\n\t\t\t\t<div class=\"elementor-element elementor-element-04a491a e-flex e-con-boxed e-con e-parent\" data-id=\"04a491a\" data-element_type=\"container\" data-e-type=\"container\">\n\t\t\t\t\t<div class=\"e-con-inner\">\n\t\t\t\t<div class=\"elementor-element elementor-element-c862ffc elementor-widget elementor-widget-heading\" data-id=\"c862ffc\" data-element_type=\"widget\" data-e-type=\"widget\" data-widget_type=\"heading.default\">\n\t\t\t\t<div class=\"elementor-widget-container\">\n\t\t\t\t\t<h2 class=\"elementor-heading-title elementor-size-default\">Gyakran Ism\u00e9telt K\u00e9rd\u00e9sek<\/h2>\t\t\t\t<\/div>\n\t\t\t\t<\/div>\n\t\t\t\t\t<\/div>\n\t\t\t\t<\/div>\n\t\t<div class=\"elementor-element elementor-element-518b049 e-flex e-con-boxed e-con e-parent\" data-id=\"518b049\" data-element_type=\"container\" data-e-type=\"container\">\n\t\t\t\t\t<div class=\"e-con-inner\">\n\t\t\t\t<div class=\"elementor-element elementor-element-2f1dd95 elementor-widget elementor-widget-text-editor\" data-id=\"2f1dd95\" data-element_type=\"widget\" data-e-type=\"widget\" data-widget_type=\"text-editor.default\">\n\t\t\t\t<div class=\"elementor-widget-container\">\n\t\t\t\t\t\t\t\t\t<p><b>Bar\u00e1taimmal \u00e9rkezem, k\u00eds\u00e9rhetnek engem?<\/b><br \/>Lehet k\u00eds\u00e9rni a versenyz\u0151ket, \u00fagy, hogy a kis\u00e9r\u0151k a t\u00f6bbi versenyz\u0151t ne zavarj\u00e1k! Aki bizonytalan mag\u00e1ban, az ink\u00e1bb szervezzen be maga mell\u00e9 egy seg\u00edt\u0151t.<\/p><p><b>Nem indultam m\u00e9g ilyen megm\u00e9rettet\u00e9sen, hogy kell r\u00f6gz\u00edteni a t\u00e9gl\u00e1t a hord keretre?<br \/><\/b>Mindenkinek szem\u00e9lyre szabottan seg\u00edts\u00e9get ny\u00fajtunk, a hord keret m\u00e9ret\u00e9nek kiv\u00e1laszt\u00e1s\u00e1t\u00f3l, a teher s\u00falypont be\u00e1ll\u00edt\u00e1s\u00e1n kereszt\u00fcl a biztons\u00e1gos r\u00f6gz\u00edt\u00e9sig.<\/p><p><b>Lesz lehet\u0151s\u00e9g friss\u00edt\u00e9sre?<br \/><\/b>A verseny \u00fatvonalon lesz friss\u00edt\u0151\u00e1llom\u00e1s, itt \u00e1sv\u00e1nyvizet \u00e9s m\u00fczli szeletet k\u00edn\u00e1lunk a versenyz\u0151knek.<\/p><p><b>Van lehet\u0151s\u00e9g hord keret v\u00e1s\u00e1rl\u00e1s\u00e1ra?<\/b><br \/>Jelenleg nincs \u00e9s egyenl\u0151re nem is tervez\u00fcnk ilyet.<\/p><p><b>Milyen h\u00e1tizs\u00e1kra van sz\u00fcks\u00e9g a 20 kg-os kateg\u00f3ri\u00e1ba?<br \/><\/b>&#8222;Olyan m\u00e9ret\u0171 h\u00e1tizs\u00e1kra van sz\u00fcks\u00e9g, amibe belef\u00e9r egy 20kg -os zs\u00e1kos anyag kb.: 25x45x10 m\u00e9retben!&#8221;<\/p>\t\t\t\t\t\t\t\t<\/div>\n\t\t\t\t<\/div>\n\t\t\t\t<div class=\"elementor-element elementor-element-d25eff0 elementor-widget-divider--view-line elementor-widget elementor-widget-divider\" data-id=\"d25eff0\" data-element_type=\"widget\" data-e-type=\"widget\" data-widget_type=\"divider.default\">\n\t\t\t\t<div class=\"elementor-widget-container\">\n\t\t\t\t\t\t\t<div class=\"elementor-divider\">\n\t\t\t<span class=\"elementor-divider-separator\">\n\t\t\t\t\t\t<\/span>\n\t\t<\/div>\n\t\t\t\t\t\t<\/div>\n\t\t\t\t<\/div>\n\t\t\t\t\t<\/div>\n\t\t\t\t<\/div>\n\t\t<div class=\"elementor-element elementor-element-e34e68a e-flex e-con-boxed e-con e-parent\" data-id=\"e34e68a\" data-element_type=\"container\" data-e-type=\"container\">\n\t\t\t\t\t<div class=\"e-con-inner\">\n\t\t\t\t<div class=\"elementor-element elementor-element-05b8c71 elementor-widget elementor-widget-heading\" data-id=\"05b8c71\" data-element_type=\"widget\" data-e-type=\"widget\" data-widget_type=\"heading.default\">\n\t\t\t\t<div class=\"elementor-widget-container\">\n\t\t\t\t\t<h2 class=\"elementor-heading-title elementor-size-default\">K\u00e9rd\u00e9sed van, de nem tal\u00e1lt\u00e1l r\u00e1 v\u00e1laszt?<\/h2>\t\t\t\t<\/div>\n\t\t\t\t<\/div>\n\t\t\t\t\t<\/div>\n\t\t\t\t<\/div>\n\t\t<div class=\"elementor-element elementor-element-4977025 e-flex e-con-boxed e-con e-parent\" data-id=\"4977025\" data-element_type=\"container\" data-e-type=\"container\">\n\t\t\t\t\t<div class=\"e-con-inner\">\n\t\t\t\t<div class=\"elementor-element elementor-element-2c5d3a0 elementor-widget elementor-widget-heading\" data-id=\"2c5d3a0\" data-element_type=\"widget\" data-e-type=\"widget\" data-widget_type=\"heading.default\">\n\t\t\t\t<div class=\"elementor-widget-container\">\n\t\t\t\t\t<h4 class=\"elementor-heading-title elementor-size-default\">Vedd fel vel\u00fcnk a kapcsolatot a k\u00f6vetkez\u0151 lehet\u0151s\u00e9gek egyik\u00e9n vagy Facebookon!<\/h4>\t\t\t\t<\/div>\n\t\t\t\t<\/div>\n\t\t\t\t\t<\/div>\n\t\t\t\t<\/div>\n\t\t<div class=\"elementor-element elementor-element-b3e4e71 e-flex e-con-boxed e-con e-parent\" data-id=\"b3e4e71\" data-element_type=\"container\" data-e-type=\"container\">\n\t\t\t\t\t<div class=\"e-con-inner\">\n\t\t\t\t<div class=\"elementor-element elementor-element-51f4c49 elementor-widget elementor-widget-text-editor\" data-id=\"51f4c49\" data-element_type=\"widget\" data-e-type=\"widget\" data-widget_type=\"text-editor.default\">\n\t\t\t\t<div class=\"elementor-widget-container\">\n\t\t\t\t\t\t\t\t\t<p>A felmer\u00fcl\u0151 k\u00e9rd\u00e9seiteket email \u00fatj\u00e1n az <a href=\"mailto:info@sherparally.hu\">info@sherparally.hu<\/a>\u00a0c\u00edmre k\u00fcldve a t\u00f6bbi kedves \u00e9rdekl\u0151d\u0151vel is megosztjuk.<br \/>Telefon: <a href=\"tel:+36209407407\">+36 20 940 7407<\/a><br \/>Facebook: <a style=\"background-color: #ffffff;\" href=\"https:\/\/www.fb.com\/sherparally.hu\">f<\/a><a style=\"background-color: #ffffff;\" href=\"https:\/\/www.fb.com\/sherparally.hu\" target=\"_blank\" rel=\"noopener\">b.com\/sherparally<\/a><a style=\"background-color: #ffffff;\" href=\"https:\/\/www.fb.com\/sherparally.hu\" target=\"_blank\" rel=\"noopener\">.<\/a><a style=\"background-color: #ffffff;\" href=\"https:\/\/www.fb.com\/sherparally.hu\">hu<\/a><\/p>\t\t\t\t\t\t\t\t<\/div>\n\t\t\t\t<\/div>\n\t\t\t\t\t<\/div>\n\t\t\t\t<\/div>\n\t\t<div class=\"elementor-element elementor-element-4f2758a e-flex e-con-boxed e-con e-parent\" data-id=\"4f2758a\" data-element_type=\"container\" data-e-type=\"container\">\n\t\t\t\t\t<div class=\"e-con-inner\">\n\t\t\t\t<div class=\"elementor-element elementor-element-bb11cf9 elementor-widget elementor-widget-spacer\" data-id=\"bb11cf9\" data-element_type=\"widget\" data-e-type=\"widget\" data-widget_type=\"spacer.default\">\n\t\t\t\t<div class=\"elementor-widget-container\">\n\t\t\t\t\t\t\t<div class=\"elementor-spacer\">\n\t\t\t<div class=\"elementor-spacer-inner\"><\/div>\n\t\t<\/div>\n\t\t\t\t\t\t<\/div>\n\t\t\t\t<\/div>\n\t\t\t\t<div class=\"elementor-element elementor-element-74a14cf elementor-widget elementor-widget-heading\" data-id=\"74a14cf\" data-element_type=\"widget\" data-e-type=\"widget\" data-widget_type=\"heading.default\">\n\t\t\t\t<div class=\"elementor-widget-container\">\n\t\t\t\t\t<h4 class=\"elementor-heading-title elementor-size-default\">Kapcsolatfelv\u00e9teli \u0171rlap<\/h4>\t\t\t\t<\/div>\n\t\t\t\t<\/div>\n\t\t\t\t<div class=\"elementor-element elementor-element-624f33d elementor-widget elementor-widget-wpforms\" data-id=\"624f33d\" data-element_type=\"widget\" data-e-type=\"widget\" data-widget_type=\"wpforms.default\">\n\t\t\t\t<div class=\"elementor-widget-container\">\n\t\t\t\t\t<style id=\"wpforms-css-vars-root\">\n\t\t\t\t:root {\n\t\t\t\t\t--wpforms-field-border-radius: 3px;\n--wpforms-field-background-color: #ffffff;\n--wpforms-field-border-color: rgba( 0, 0, 0, 0.25 );\n--wpforms-field-text-color: rgba( 0, 0, 0, 0.7 );\n--wpforms-label-color: rgba( 0, 0, 0, 0.85 );\n--wpforms-label-sublabel-color: rgba( 0, 0, 0, 0.55 );\n--wpforms-label-error-color: #d63637;\n--wpforms-button-border-radius: 3px;\n--wpforms-button-background-color: #066aab;\n--wpforms-button-text-color: #ffffff;\n--wpforms-page-break-color: #066aab;\n--wpforms-field-size-input-height: 43px;\n--wpforms-field-size-input-spacing: 15px;\n--wpforms-field-size-font-size: 16px;\n--wpforms-field-size-line-height: 19px;\n--wpforms-field-size-padding-h: 14px;\n--wpforms-field-size-checkbox-size: 16px;\n--wpforms-field-size-sublabel-spacing: 5px;\n--wpforms-field-size-icon-size: 1;\n--wpforms-label-size-font-size: 16px;\n--wpforms-label-size-line-height: 19px;\n--wpforms-label-size-sublabel-font-size: 14px;\n--wpforms-label-size-sublabel-line-height: 17px;\n--wpforms-button-size-font-size: 17px;\n--wpforms-button-size-height: 41px;\n--wpforms-button-size-padding-h: 15px;\n--wpforms-button-size-margin-top: 10px;\n\n\t\t\t\t}\n\t\t\t<\/style><style id=\"wpforms-css-vars-elementor-widget-624f33d\">\n\t\t\t\t.elementor-widget-wpforms.elementor-element-624f33d {\n\t\t\t\t\t--wpforms-field-size-input-height: 43px;\n--wpforms-field-size-input-spacing: 15px;\n--wpforms-field-size-font-size: 16px;\n--wpforms-field-size-line-height: 19px;\n--wpforms-field-size-padding-h: 14px;\n--wpforms-field-size-checkbox-size: 16px;\n--wpforms-field-size-sublabel-spacing: 5px;\n--wpforms-field-size-icon-size: 1;\n--wpforms-label-size-font-size: 16px;\n--wpforms-label-size-line-height: 19px;\n--wpforms-label-size-sublabel-font-size: 14px;\n--wpforms-label-size-sublabel-line-height: 17px;\n--wpforms-button-size-font-size: 17px;\n--wpforms-button-size-height: 41px;\n--wpforms-button-size-padding-h: 15px;\n--wpforms-button-size-margin-top: 10px;\n\n\t\t\t\t}\n\t\t\t<\/style><div class=\"wpforms-container wpforms-container-full wpforms-render-modern\" id=\"wpforms-105\"><form id=\"wpforms-form-105\" class=\"wpforms-validate wpforms-form wpforms-ajax-form\" data-formid=\"105\" method=\"post\" enctype=\"multipart\/form-data\" action=\"\/index.php\/wp-json\/wp\/v2\/pages\/131\" data-token=\"d4f011ec67cc0e48bd0616e0433c8056\"><noscript class=\"wpforms-error-noscript\">Please enable JavaScript in your browser to complete this form.<\/noscript><div class=\"wpforms-hidden\" id=\"wpforms-error-noscript\">Please enable JavaScript in your browser to complete this form.<\/div><div class=\"wpforms-field-container\"><div id=\"wpforms-105-field_1-container\" class=\"wpforms-field wpforms-field-name\" data-field-id=\"1\"><label class=\"wpforms-field-label\" for=\"wpforms-105-field_1\">N\u00e9v <span class=\"wpforms-required-label\" aria-hidden=\"true\">*<\/span><\/label><input type=\"text\" id=\"wpforms-105-field_1\" class=\"wpforms-field-medium wpforms-field-required\" name=\"wpforms[fields][1]\" aria-errormessage=\"wpforms-105-field_1-error\" required><\/div><div id=\"wpforms-105-field_2-container\" class=\"wpforms-field wpforms-field-email\" data-field-id=\"2\"><label class=\"wpforms-field-label\" for=\"wpforms-105-field_2\">E-mail <span class=\"wpforms-required-label\" aria-hidden=\"true\">*<\/span><\/label><input type=\"email\" id=\"wpforms-105-field_2\" class=\"wpforms-field-medium wpforms-field-required\" name=\"wpforms[fields][2]\" spellcheck=\"false\" aria-errormessage=\"wpforms-105-field_2-error\" required><\/div><div id=\"wpforms-105-field_3-container\" class=\"wpforms-field wpforms-field-textarea\" data-field-id=\"3\"><label class=\"wpforms-field-label\" for=\"wpforms-105-field_3\">\u00dczenet<\/label><textarea id=\"wpforms-105-field_3\" class=\"wpforms-field-medium\" name=\"wpforms[fields][3]\" aria-errormessage=\"wpforms-105-field_3-error\" ><\/textarea><\/div><\/div><!-- .wpforms-field-container --><div class=\"wpforms-submit-container\" ><input type=\"hidden\" name=\"wpforms[id]\" value=\"105\"><input type=\"hidden\" name=\"wpforms[author]\" value=\"1\"><button type=\"submit\" name=\"wpforms[submit]\" id=\"wpforms-submit-105\" class=\"wpforms-submit\" data-alt-text=\"Feldolgoz\u00e1s...\" data-submit-text=\"K\u00fcld\u00e9s\" aria-live=\"assertive\" value=\"wpforms-submit\">K\u00fcld\u00e9s<\/button><img decoding=\"async\" src=\"https:\/\/wp.sherparally.hu\/wp-content\/plugins\/wpforms\/assets\/images\/submit-spin.svg\" class=\"wpforms-submit-spinner\" style=\"display: none;\" width=\"26\" height=\"26\" alt=\"Loading\"><\/div><\/form><\/div>  <!-- .wpforms-container -->\t\t\t\t<\/div>\n\t\t\t\t<\/div>\n\t\t\t\t\t<\/div>\n\t\t\t\t<\/div>\n\t\t\t\t<\/div>\n\t\t","protected":false},"excerpt":{"rendered":"<p>Gyakran Ism\u00e9telt K\u00e9rd\u00e9sek Bar\u00e1taimmal \u00e9rkezem, k\u00eds\u00e9rhetnek engem?Lehet k\u00eds\u00e9rni a versenyz\u0151ket, \u00fagy, hogy a kis\u00e9r\u0151k a t\u00f6bbi versenyz\u0151t ne zavarj\u00e1k! Aki bizonytalan mag\u00e1ban, az ink\u00e1bb szervezzen&hellip;<\/p>\n","protected":false},"author":1,"featured_media":0,"parent":60,"menu_order":0,"comment_status":"closed","ping_status":"closed","template":"","meta":{"footnotes":""},"class_list":["post-131","page","type-page","status-publish","hentry"],"yoast_head":"<!-- This site is optimized with the Yoast SEO plugin v27.5 - https:\/\/yoast.com\/product\/yoast-seo-wordpress\/ -->\n<title>GY.I.K. - Sherpa Rally<\/title>\n<meta name=\"robots\" content=\"index, follow, max-snippet:-1, max-image-preview:large, max-video-preview:-1\" \/>\n<link rel=\"canonical\" href=\"https:\/\/wp.sherparally.hu\/index.php\/eger\/gy-i-k\/\" \/>\n<meta property=\"og:locale\" content=\"hu_HU\" \/>\n<meta property=\"og:type\" content=\"article\" \/>\n<meta property=\"og:title\" content=\"GY.I.K. - Sherpa Rally\" \/>\n<meta property=\"og:description\" content=\"Gyakran Ism\u00e9telt K\u00e9rd\u00e9sek Bar\u00e1taimmal \u00e9rkezem, k\u00eds\u00e9rhetnek engem?Lehet k\u00eds\u00e9rni a versenyz\u0151ket, \u00fagy, hogy a kis\u00e9r\u0151k a t\u00f6bbi versenyz\u0151t ne zavarj\u00e1k! Aki bizonytalan mag\u00e1ban, az ink\u00e1bb szervezzen&hellip;\" \/>\n<meta property=\"og:url\" content=\"https:\/\/wp.sherparally.hu\/index.php\/eger\/gy-i-k\/\" \/>\n<meta property=\"og:site_name\" content=\"Sherpa Rally\" \/>\n<meta property=\"article:modified_time\" content=\"2025-05-11T10:42:15+00:00\" \/>\n<meta property=\"og:image\" content=\"https:\/\/wp.sherparally.hu\/wp-content\/plugins\/wpforms-lite\/assets\/images\/submit-spin.svg\" \/>\n<meta name=\"twitter:card\" content=\"summary_large_image\" \/>\n<meta name=\"twitter:label1\" content=\"Becs\u00fclt olvas\u00e1si id\u0151\" \/>\n\t<meta name=\"twitter:data1\" content=\"2 perc\" \/>\n<script type=\"application\/ld+json\" class=\"yoast-schema-graph\">{\"@context\":\"https:\\\/\\\/schema.org\",\"@graph\":[{\"@type\":\"WebPage\",\"@id\":\"https:\\\/\\\/wp.sherparally.hu\\\/index.php\\\/eger\\\/gy-i-k\\\/\",\"url\":\"https:\\\/\\\/wp.sherparally.hu\\\/index.php\\\/eger\\\/gy-i-k\\\/\",\"name\":\"GY.I.K. - Sherpa Rally\",\"isPartOf\":{\"@id\":\"https:\\\/\\\/wp.sherparally.hu\\\/#website\"},\"primaryImageOfPage\":{\"@id\":\"https:\\\/\\\/wp.sherparally.hu\\\/index.php\\\/eger\\\/gy-i-k\\\/#primaryimage\"},\"image\":{\"@id\":\"https:\\\/\\\/wp.sherparally.hu\\\/index.php\\\/eger\\\/gy-i-k\\\/#primaryimage\"},\"thumbnailUrl\":\"https:\\\/\\\/wp.sherparally.hu\\\/wp-content\\\/plugins\\\/wpforms-lite\\\/assets\\\/images\\\/submit-spin.svg\",\"datePublished\":\"2024-10-12T10:26:59+00:00\",\"dateModified\":\"2025-05-11T10:42:15+00:00\",\"breadcrumb\":{\"@id\":\"https:\\\/\\\/wp.sherparally.hu\\\/index.php\\\/eger\\\/gy-i-k\\\/#breadcrumb\"},\"inLanguage\":\"hu\",\"potentialAction\":[{\"@type\":\"ReadAction\",\"target\":[\"https:\\\/\\\/wp.sherparally.hu\\\/index.php\\\/eger\\\/gy-i-k\\\/\"]}]},{\"@type\":\"ImageObject\",\"inLanguage\":\"hu\",\"@id\":\"https:\\\/\\\/wp.sherparally.hu\\\/index.php\\\/eger\\\/gy-i-k\\\/#primaryimage\",\"url\":\"https:\\\/\\\/wp.sherparally.hu\\\/wp-content\\\/plugins\\\/wpforms-lite\\\/assets\\\/images\\\/submit-spin.svg\",\"contentUrl\":\"https:\\\/\\\/wp.sherparally.hu\\\/wp-content\\\/plugins\\\/wpforms-lite\\\/assets\\\/images\\\/submit-spin.svg\"},{\"@type\":\"BreadcrumbList\",\"@id\":\"https:\\\/\\\/wp.sherparally.hu\\\/index.php\\\/eger\\\/gy-i-k\\\/#breadcrumb\",\"itemListElement\":[{\"@type\":\"ListItem\",\"position\":1,\"name\":\"Kezd\u0151lap\",\"item\":\"https:\\\/\\\/wp.sherparally.hu\\\/\"},{\"@type\":\"ListItem\",\"position\":2,\"name\":\"XVIII. Eged-hegyi Sherpa Rally\",\"item\":\"https:\\\/\\\/wp.sherparally.hu\\\/index.php\\\/eger\\\/\"},{\"@type\":\"ListItem\",\"position\":3,\"name\":\"GY.I.K.\"}]},{\"@type\":\"WebSite\",\"@id\":\"https:\\\/\\\/wp.sherparally.hu\\\/#website\",\"url\":\"https:\\\/\\\/wp.sherparally.hu\\\/\",\"name\":\"Sherpa Rally\",\"description\":\"\",\"publisher\":{\"@id\":\"https:\\\/\\\/wp.sherparally.hu\\\/#organization\"},\"potentialAction\":[{\"@type\":\"SearchAction\",\"target\":{\"@type\":\"EntryPoint\",\"urlTemplate\":\"https:\\\/\\\/wp.sherparally.hu\\\/?s={search_term_string}\"},\"query-input\":{\"@type\":\"PropertyValueSpecification\",\"valueRequired\":true,\"valueName\":\"search_term_string\"}}],\"inLanguage\":\"hu\"},{\"@type\":\"Organization\",\"@id\":\"https:\\\/\\\/wp.sherparally.hu\\\/#organization\",\"name\":\"Sherpa Rally\",\"url\":\"https:\\\/\\\/wp.sherparally.hu\\\/\",\"logo\":{\"@type\":\"ImageObject\",\"inLanguage\":\"hu\",\"@id\":\"https:\\\/\\\/wp.sherparally.hu\\\/#\\\/schema\\\/logo\\\/image\\\/\",\"url\":\"https:\\\/\\\/wp.sherparally.hu\\\/wp-content\\\/uploads\\\/2024\\\/10\\\/logo.png\",\"contentUrl\":\"https:\\\/\\\/wp.sherparally.hu\\\/wp-content\\\/uploads\\\/2024\\\/10\\\/logo.png\",\"width\":2500,\"height\":500,\"caption\":\"Sherpa Rally\"},\"image\":{\"@id\":\"https:\\\/\\\/wp.sherparally.hu\\\/#\\\/schema\\\/logo\\\/image\\\/\"}}]}<\/script>\n<!-- \/ Yoast SEO plugin. -->","yoast_head_json":{"title":"GY.I.K. - Sherpa Rally","robots":{"index":"index","follow":"follow","max-snippet":"max-snippet:-1","max-image-preview":"max-image-preview:large","max-video-preview":"max-video-preview:-1"},"canonical":"https:\/\/wp.sherparally.hu\/index.php\/eger\/gy-i-k\/","og_locale":"hu_HU","og_type":"article","og_title":"GY.I.K. - Sherpa Rally","og_description":"Gyakran Ism\u00e9telt K\u00e9rd\u00e9sek Bar\u00e1taimmal \u00e9rkezem, k\u00eds\u00e9rhetnek engem?Lehet k\u00eds\u00e9rni a versenyz\u0151ket, \u00fagy, hogy a kis\u00e9r\u0151k a t\u00f6bbi versenyz\u0151t ne zavarj\u00e1k! Aki bizonytalan mag\u00e1ban, az ink\u00e1bb szervezzen&hellip;","og_url":"https:\/\/wp.sherparally.hu\/index.php\/eger\/gy-i-k\/","og_site_name":"Sherpa Rally","article_modified_time":"2025-05-11T10:42:15+00:00","og_image":[{"url":"https:\/\/wp.sherparally.hu\/wp-content\/plugins\/wpforms-lite\/assets\/images\/submit-spin.svg","type":"","width":"","height":""}],"twitter_card":"summary_large_image","twitter_misc":{"Becs\u00fclt olvas\u00e1si id\u0151":"2 perc"},"schema":{"@context":"https:\/\/schema.org","@graph":[{"@type":"WebPage","@id":"https:\/\/wp.sherparally.hu\/index.php\/eger\/gy-i-k\/","url":"https:\/\/wp.sherparally.hu\/index.php\/eger\/gy-i-k\/","name":"GY.I.K. - Sherpa Rally","isPartOf":{"@id":"https:\/\/wp.sherparally.hu\/#website"},"primaryImageOfPage":{"@id":"https:\/\/wp.sherparally.hu\/index.php\/eger\/gy-i-k\/#primaryimage"},"image":{"@id":"https:\/\/wp.sherparally.hu\/index.php\/eger\/gy-i-k\/#primaryimage"},"thumbnailUrl":"https:\/\/wp.sherparally.hu\/wp-content\/plugins\/wpforms-lite\/assets\/images\/submit-spin.svg","datePublished":"2024-10-12T10:26:59+00:00","dateModified":"2025-05-11T10:42:15+00:00","breadcrumb":{"@id":"https:\/\/wp.sherparally.hu\/index.php\/eger\/gy-i-k\/#breadcrumb"},"inLanguage":"hu","potentialAction":[{"@type":"ReadAction","target":["https:\/\/wp.sherparally.hu\/index.php\/eger\/gy-i-k\/"]}]},{"@type":"ImageObject","inLanguage":"hu","@id":"https:\/\/wp.sherparally.hu\/index.php\/eger\/gy-i-k\/#primaryimage","url":"https:\/\/wp.sherparally.hu\/wp-content\/plugins\/wpforms-lite\/assets\/images\/submit-spin.svg","contentUrl":"https:\/\/wp.sherparally.hu\/wp-content\/plugins\/wpforms-lite\/assets\/images\/submit-spin.svg"},{"@type":"BreadcrumbList","@id":"https:\/\/wp.sherparally.hu\/index.php\/eger\/gy-i-k\/#breadcrumb","itemListElement":[{"@type":"ListItem","position":1,"name":"Kezd\u0151lap","item":"https:\/\/wp.sherparally.hu\/"},{"@type":"ListItem","position":2,"name":"XVIII. Eged-hegyi Sherpa Rally","item":"https:\/\/wp.sherparally.hu\/index.php\/eger\/"},{"@type":"ListItem","position":3,"name":"GY.I.K."}]},{"@type":"WebSite","@id":"https:\/\/wp.sherparally.hu\/#website","url":"https:\/\/wp.sherparally.hu\/","name":"Sherpa Rally","description":"","publisher":{"@id":"https:\/\/wp.sherparally.hu\/#organization"},"potentialAction":[{"@type":"SearchAction","target":{"@type":"EntryPoint","urlTemplate":"https:\/\/wp.sherparally.hu\/?s={search_term_string}"},"query-input":{"@type":"PropertyValueSpecification","valueRequired":true,"valueName":"search_term_string"}}],"inLanguage":"hu"},{"@type":"Organization","@id":"https:\/\/wp.sherparally.hu\/#organization","name":"Sherpa Rally","url":"https:\/\/wp.sherparally.hu\/","logo":{"@type":"ImageObject","inLanguage":"hu","@id":"https:\/\/wp.sherparally.hu\/#\/schema\/logo\/image\/","url":"https:\/\/wp.sherparally.hu\/wp-content\/uploads\/2024\/10\/logo.png","contentUrl":"https:\/\/wp.sherparally.hu\/wp-content\/uploads\/2024\/10\/logo.png","width":2500,"height":500,"caption":"Sherpa Rally"},"image":{"@id":"https:\/\/wp.sherparally.hu\/#\/schema\/logo\/image\/"}}]}},"_links":{"self":[{"href":"https:\/\/wp.sherparally.hu\/index.php\/wp-json\/wp\/v2\/pages\/131","targetHints":{"allow":["GET"]}}],"collection":[{"href":"https:\/\/wp.sherparally.hu\/index.php\/wp-json\/wp\/v2\/pages"}],"about":[{"href":"https:\/\/wp.sherparally.hu\/index.php\/wp-json\/wp\/v2\/types\/page"}],"author":[{"embeddable":true,"href":"https:\/\/wp.sherparally.hu\/index.php\/wp-json\/wp\/v2\/users\/1"}],"replies":[{"embeddable":true,"href":"https:\/\/wp.sherparally.hu\/index.php\/wp-json\/wp\/v2\/comments?post=131"}],"version-history":[{"count":7,"href":"https:\/\/wp.sherparally.hu\/index.php\/wp-json\/wp\/v2\/pages\/131\/revisions"}],"predecessor-version":[{"id":1228,"href":"https:\/\/wp.sherparally.hu\/index.php\/wp-json\/wp\/v2\/pages\/131\/revisions\/1228"}],"up":[{"embeddable":true,"href":"https:\/\/wp.sherparally.hu\/index.php\/wp-json\/wp\/v2\/pages\/60"}],"wp:attachment":[{"href":"https:\/\/wp.sherparally.hu\/index.php\/wp-json\/wp\/v2\/media?parent=131"}],"curies":[{"name":"wp","href":"https:\/\/api.w.org\/{rel}","templated":true}]}}