{"id":200,"date":"2024-11-01T14:25:24","date_gmt":"2024-11-01T14:25:24","guid":{"rendered":"https:\/\/wp.sherparally.hu\/?page_id=200"},"modified":"2024-11-02T20:01:40","modified_gmt":"2024-11-02T20:01:40","slug":"hirek","status":"publish","type":"page","link":"https:\/\/wp.sherparally.hu\/index.php\/hirek\/","title":{"rendered":"H\u00edreink"},"content":{"rendered":"\t\t<div data-elementor-type=\"wp-page\" data-elementor-id=\"200\" class=\"elementor elementor-200\" data-elementor-post-type=\"page\">\n\t\t\t\t<div class=\"elementor-element elementor-element-f923496 e-flex e-con-boxed e-con e-parent\" data-id=\"f923496\" data-element_type=\"container\" data-e-type=\"container\">\n\t\t\t\t\t<div class=\"e-con-inner\">\n\t\t\t\t<div class=\"elementor-element elementor-element-fcd4dd4 elementor-widget elementor-widget-gutenberg-post-blocks\" data-id=\"fcd4dd4\" data-element_type=\"widget\" data-e-type=\"widget\" data-widget_type=\"gutenberg-post-blocks.default\">\n\t\t\t\t<div class=\"elementor-widget-container\">\n\t\t\t\t\t<div class=\"ultp-shortcode\" data-postid=\"202\"><div  class=\"ultp-post-grid-block wp-block-ultimate-post-post-list-4 ultp-block-c90539\"><div class=\"ultp-block-wrapper\"><div class=\"ultp-loading\"><div class=\"ultp-loading-blocks\" style=\"width:100%;height:100%;\"><div style=\"left: 0;top: 0;animation-delay:0s;\"><\/div><div style=\"left: 21px;top: 0;animation-delay:0.125s;\"><\/div><div style=\"left: 42px;top: 0;animation-delay:0.25s;\"><\/div><div style=\"left: 0;top: 21px;animation-delay:0.875s;\"><\/div><div style=\"left: 42px;top: 21px;animation-delay:0.375s;\"><\/div><div style=\"left: 0;top: 42px;animation-delay:0.75s;\"><\/div><div style=\"left: 42px;top: 42px;animation-delay:0.625s;\"><\/div><div style=\"left: 21px;top: 42px;animation-delay:0.5s;\"><\/div><\/div><\/div><div class=\"ultp-block-items-wrap ultp-block-content-middle ultp-layout1\"><div class=\"ultp-block-item ultp-block-media post-id-1434\"><div class=\"ultp-block-content-wrap ultp-first-postlist-2\"><div class=\"ultp-block-image ultp-block-image-opacity\"><a href=\"https:\/\/wp.sherparally.hu\/index.php\/2025\/09\/26\/szemetszedes2025\/\" ><img decoding=\"async\"  alt=\"Szem\u00e9tszed\u00e9st szervez\u00fcnk az Eged- Hegyen \u00e9s k\u00f6rny\u00e9k\u00e9n!\"  src=\"https:\/\/wp.sherparally.hu\/wp-content\/uploads\/2025\/09\/Kepkivagas.webp\" \/><\/a><\/div><div class=\"ultp-block-content\"><div class=\"ultp-category-grid ultp-category-classic ultp-category-aboveTitle\"><div class=\"ultp-category-in\"><a class=\"ultp-cat-uncategorized\" href=\"https:\/\/wp.sherparally.hu\/index.php\/category\/uncategorized\/\"  >Uncategorized<\/a><\/div><\/div><h3 class=\"ultp-block-title \"><a href=\"https:\/\/wp.sherparally.hu\/index.php\/2025\/09\/26\/szemetszedes2025\/\" >Szem\u00e9tszed\u00e9st szervez\u00fcnk az Eged- Hegyen \u00e9s k\u00f6rny\u00e9k\u00e9n!<\/a><\/h3><div class=\"ultp-block-meta ultp-block-meta-dot ultp-block-meta-icon\"><span class=\"ultp-block-author ultp-block-meta-element\"><svg xmlns=\"http:\/\/www.w3.org\/2000\/svg\" fill=\"none\" viewBox=\"0 0 24 24\">\n  <circle cx=\"12\" cy=\"7\" r=\"4\" stroke=\"currentColor\" stroke-linejoin=\"round\" stroke-width=\"1.5\"\/>\n  <path stroke=\"currentColor\" stroke-linecap=\"round\" stroke-linejoin=\"round\" stroke-width=\"1.5\" d=\"M4 21v-3a4 4 0 0 1 4-4h8a4 4 0 0 1 4 4v3\"\/>\n<\/svg>\n<a class=\"\" href=\"https:\/\/wp.sherparally.hu\/index.php\/author\/zsjardan\/\">J\u00e1rd\u00e1n Zsolt<\/a><\/span><span class=\"ultp-block-date ultp-block-meta-element\"><svg xmlns=\"http:\/\/www.w3.org\/2000\/svg\" fill=\"none\" viewBox=\"0 0 24 24\">\n  <path stroke=\"currentColor\" stroke-linecap=\"round\" stroke-linejoin=\"round\" stroke-width=\"1.5\" d=\"M3 5.5a2 2 0 0 1 2-2h14a2 2 0 0 1 2 2v14a2 2 0 0 1-2 2H5a2 2 0 0 1-2-2v-14ZM8 2v3m8-3v3M3 9h18\"\/>\n<\/svg>\nszept 26, 2025<\/span><span class=\"ultp-post-read ultp-block-meta-element\"><svg xmlns=\"http:\/\/www.w3.org\/2000\/svg\" fill=\"none\" viewBox=\"0 0 24 24\">\n  <path stroke=\"currentColor\" stroke-linecap=\"round\" stroke-linejoin=\"round\" stroke-width=\"1.5\" d=\"M4 5v14a3 3 0 0 0 3 3h13V8H7a3 3 0 0 1-3-3Zm0 0a3 3 0 0 1 3-3h13M7 5h10\"\/>\n  <path stroke=\"currentColor\" stroke-linecap=\"round\" stroke-linejoin=\"round\" stroke-width=\"1.5\" d=\"M9.5 18.5v-3.092a3 3 0 0 1 .504-1.664l1.219-1.828a.934.934 0 0 1 1.554 0l1.22 1.828a3 3 0 0 1 .503 1.664V18.5m-5-2.5h5\"\/>\n<\/svg>\n1 min read<\/span><\/div><div class=\"ultp-block-excerpt\"><p>&nbsp; TISZT\u00cdTSUK MEG AZ EGED-HEGYET! A Teambuilding Sportegyes\u00fclet \u00e9s az Agricum Turisztikai \u00e9s Term\u00e9szetv\u00e9delmi Egyes\u00fclet, k\u00f6z\u00f6s \u00f6sszefog\u00e1ssal szem\u00e9tszed\u00e9st szervez az Eged- Hegyen \u00e9s k\u00f6rny\u00e9k\u00e9n. 2025.09.28.-\u00e9n,&hellip;<\/p>\n<\/div><\/div><\/div><\/div><div class=\"ultp-block-item ultp-block-media post-id-1266\"><div class=\"ultp-block-content-wrap ultp-all-postlist-2\"><div class=\"ultp-block-image ultp-block-image-opacity\"><a href=\"https:\/\/wp.sherparally.hu\/index.php\/2025\/06\/10\/hello-vilag\/\" ><img decoding=\"async\"  src=\"https:\/\/wp.sherparally.hu\/wp-content\/plugins\/ultimate-post\/assets\/img\/ultp-fallback-img.png\" alt=\"dummy-img\" \/><\/a><\/div><div class=\"ultp-block-content\"><h3 class=\"ultp-block-title \"><a href=\"https:\/\/wp.sherparally.hu\/index.php\/2025\/06\/10\/hello-vilag\/\" >Hell\u00f3 vil\u00e1g!<\/a><\/h3><div class=\"ultp-block-meta ultp-block-meta-dot ultp-block-meta-icon\"><span class=\"ultp-block-author ultp-block-meta-element\"><svg xmlns=\"http:\/\/www.w3.org\/2000\/svg\" fill=\"none\" viewBox=\"0 0 24 24\">\n  <circle cx=\"12\" cy=\"7\" r=\"4\" stroke=\"currentColor\" stroke-linejoin=\"round\" stroke-width=\"1.5\"\/>\n  <path stroke=\"currentColor\" stroke-linecap=\"round\" stroke-linejoin=\"round\" stroke-width=\"1.5\" d=\"M4 21v-3a4 4 0 0 1 4-4h8a4 4 0 0 1 4 4v3\"\/>\n<\/svg>\n<a class=\"\" href=\"https:\/\/wp.sherparally.hu\/index.php\/author\/teambuil\/\">admin<\/a><\/span><span class=\"ultp-block-date ultp-block-meta-element\"><svg xmlns=\"http:\/\/www.w3.org\/2000\/svg\" fill=\"none\" viewBox=\"0 0 24 24\">\n  <path stroke=\"currentColor\" stroke-linecap=\"round\" stroke-linejoin=\"round\" stroke-width=\"1.5\" d=\"M3 5.5a2 2 0 0 1 2-2h14a2 2 0 0 1 2 2v14a2 2 0 0 1-2 2H5a2 2 0 0 1-2-2v-14ZM8 2v3m8-3v3M3 9h18\"\/>\n<\/svg>\nj\u00fan 10, 2025<\/span><span class=\"ultp-post-read ultp-block-meta-element\"><svg xmlns=\"http:\/\/www.w3.org\/2000\/svg\" fill=\"none\" viewBox=\"0 0 24 24\">\n  <path stroke=\"currentColor\" stroke-linecap=\"round\" stroke-linejoin=\"round\" stroke-width=\"1.5\" d=\"M4 5v14a3 3 0 0 0 3 3h13V8H7a3 3 0 0 1-3-3Zm0 0a3 3 0 0 1 3-3h13M7 5h10\"\/>\n  <path stroke=\"currentColor\" stroke-linecap=\"round\" stroke-linejoin=\"round\" stroke-width=\"1.5\" d=\"M9.5 18.5v-3.092a3 3 0 0 1 .504-1.664l1.219-1.828a.934.934 0 0 1 1.554 0l1.22 1.828a3 3 0 0 1 .503 1.664V18.5m-5-2.5h5\"\/>\n<\/svg>\n1 min read<\/span><\/div><div class=\"ultp-block-excerpt\"><p>Elindult a Sherpa Rally \u00daJ weboldala! Mostant\u00f3l itt fogtok megtal\u00e1lni minden inf\u00f3t, hamarosan az egri verseny id\u0151pontja is kider\u00fcl. Mi m\u00e1r nagyon izgulunk, rem\u00e9lj\u00fck ti&hellip;<\/p>\n<\/div><\/div><\/div><\/div><\/div><\/div><div class=\"pagination-block-html\" aria-hidden=\"true\" style=\"display: none;\"><\/div><\/div><\/div>\t\t\t\t<\/div>\n\t\t\t\t<\/div>\n\t\t\t\t<div class=\"elementor-element elementor-element-b05686d elementor-widget elementor-widget-heading\" data-id=\"b05686d\" data-element_type=\"widget\" data-e-type=\"widget\" data-widget_type=\"heading.default\">\n\t\t\t\t<div class=\"elementor-widget-container\">\n\t\t\t\t\t<h1 class=\"elementor-heading-title elementor-size-default\">H\u00edrek<\/h1>\t\t\t\t<\/div>\n\t\t\t\t<\/div>\n\t\t\t\t\t<\/div>\n\t\t\t\t<\/div>\n\t\t\t\t<\/div>\n\t\t","protected":false},"excerpt":{"rendered":"<p>Uncategorized bejegyz\u00e9s 2 adminnov 1, 20241 min read r\u00e9pa, retek, mogyi Hello world! adminokt 9, 20241 min read Welcome to WordPress. This is your first&hellip;<\/p>\n","protected":false},"author":1,"featured_media":0,"parent":0,"menu_order":0,"comment_status":"closed","ping_status":"closed","template":"","meta":{"footnotes":""},"class_list":["post-200","page","type-page","status-publish","hentry"],"yoast_head":"<!-- This site is optimized with the Yoast SEO plugin v27.5 - https:\/\/yoast.com\/product\/yoast-seo-wordpress\/ -->\n<title>H\u00edreink - Sherpa Rally<\/title>\n<meta name=\"robots\" content=\"index, follow, max-snippet:-1, max-image-preview:large, max-video-preview:-1\" \/>\n<link rel=\"canonical\" href=\"https:\/\/wp.sherparally.hu\/index.php\/hirek\/\" \/>\n<meta property=\"og:locale\" content=\"hu_HU\" \/>\n<meta property=\"og:type\" content=\"article\" \/>\n<meta property=\"og:title\" content=\"H\u00edreink - Sherpa Rally\" \/>\n<meta property=\"og:description\" content=\"Uncategorized bejegyz\u00e9s 2 adminnov 1, 20241 min read r\u00e9pa, retek, mogyi Hello world! adminokt 9, 20241 min read Welcome to WordPress. This is your first&hellip;\" \/>\n<meta property=\"og:url\" content=\"https:\/\/wp.sherparally.hu\/index.php\/hirek\/\" \/>\n<meta property=\"og:site_name\" content=\"Sherpa Rally\" \/>\n<meta property=\"article:modified_time\" content=\"2024-11-02T20:01:40+00:00\" \/>\n<meta property=\"og:image\" content=\"https:\/\/wp.sherparally.hu\/wp-content\/plugins\/ultimate-post\/assets\/img\/ultp-fallback-img.png\" \/>\n<meta name=\"twitter:card\" content=\"summary_large_image\" \/>\n<meta name=\"twitter:label1\" content=\"Becs\u00fclt olvas\u00e1si id\u0151\" \/>\n\t<meta name=\"twitter:data1\" content=\"1 perc\" \/>\n<script type=\"application\/ld+json\" class=\"yoast-schema-graph\">{\"@context\":\"https:\\\/\\\/schema.org\",\"@graph\":[{\"@type\":\"WebPage\",\"@id\":\"https:\\\/\\\/wp.sherparally.hu\\\/index.php\\\/hirek\\\/\",\"url\":\"https:\\\/\\\/wp.sherparally.hu\\\/index.php\\\/hirek\\\/\",\"name\":\"H\u00edreink - Sherpa Rally\",\"isPartOf\":{\"@id\":\"https:\\\/\\\/wp.sherparally.hu\\\/#website\"},\"primaryImageOfPage\":{\"@id\":\"https:\\\/\\\/wp.sherparally.hu\\\/index.php\\\/hirek\\\/#primaryimage\"},\"image\":{\"@id\":\"https:\\\/\\\/wp.sherparally.hu\\\/index.php\\\/hirek\\\/#primaryimage\"},\"thumbnailUrl\":\"https:\\\/\\\/wp.sherparally.hu\\\/wp-content\\\/plugins\\\/ultimate-post\\\/assets\\\/img\\\/ultp-fallback-img.png\",\"datePublished\":\"2024-11-01T14:25:24+00:00\",\"dateModified\":\"2024-11-02T20:01:40+00:00\",\"breadcrumb\":{\"@id\":\"https:\\\/\\\/wp.sherparally.hu\\\/index.php\\\/hirek\\\/#breadcrumb\"},\"inLanguage\":\"hu\",\"potentialAction\":[{\"@type\":\"ReadAction\",\"target\":[\"https:\\\/\\\/wp.sherparally.hu\\\/index.php\\\/hirek\\\/\"]}]},{\"@type\":\"ImageObject\",\"inLanguage\":\"hu\",\"@id\":\"https:\\\/\\\/wp.sherparally.hu\\\/index.php\\\/hirek\\\/#primaryimage\",\"url\":\"https:\\\/\\\/wp.sherparally.hu\\\/wp-content\\\/plugins\\\/ultimate-post\\\/assets\\\/img\\\/ultp-fallback-img.png\",\"contentUrl\":\"https:\\\/\\\/wp.sherparally.hu\\\/wp-content\\\/plugins\\\/ultimate-post\\\/assets\\\/img\\\/ultp-fallback-img.png\"},{\"@type\":\"BreadcrumbList\",\"@id\":\"https:\\\/\\\/wp.sherparally.hu\\\/index.php\\\/hirek\\\/#breadcrumb\",\"itemListElement\":[{\"@type\":\"ListItem\",\"position\":1,\"name\":\"Kezd\u0151lap\",\"item\":\"https:\\\/\\\/wp.sherparally.hu\\\/\"},{\"@type\":\"ListItem\",\"position\":2,\"name\":\"H\u00edreink\"}]},{\"@type\":\"WebSite\",\"@id\":\"https:\\\/\\\/wp.sherparally.hu\\\/#website\",\"url\":\"https:\\\/\\\/wp.sherparally.hu\\\/\",\"name\":\"Sherpa Rally\",\"description\":\"\",\"publisher\":{\"@id\":\"https:\\\/\\\/wp.sherparally.hu\\\/#organization\"},\"potentialAction\":[{\"@type\":\"SearchAction\",\"target\":{\"@type\":\"EntryPoint\",\"urlTemplate\":\"https:\\\/\\\/wp.sherparally.hu\\\/?s={search_term_string}\"},\"query-input\":{\"@type\":\"PropertyValueSpecification\",\"valueRequired\":true,\"valueName\":\"search_term_string\"}}],\"inLanguage\":\"hu\"},{\"@type\":\"Organization\",\"@id\":\"https:\\\/\\\/wp.sherparally.hu\\\/#organization\",\"name\":\"Sherpa Rally\",\"url\":\"https:\\\/\\\/wp.sherparally.hu\\\/\",\"logo\":{\"@type\":\"ImageObject\",\"inLanguage\":\"hu\",\"@id\":\"https:\\\/\\\/wp.sherparally.hu\\\/#\\\/schema\\\/logo\\\/image\\\/\",\"url\":\"https:\\\/\\\/wp.sherparally.hu\\\/wp-content\\\/uploads\\\/2024\\\/10\\\/logo.png\",\"contentUrl\":\"https:\\\/\\\/wp.sherparally.hu\\\/wp-content\\\/uploads\\\/2024\\\/10\\\/logo.png\",\"width\":2500,\"height\":500,\"caption\":\"Sherpa Rally\"},\"image\":{\"@id\":\"https:\\\/\\\/wp.sherparally.hu\\\/#\\\/schema\\\/logo\\\/image\\\/\"}}]}<\/script>\n<!-- \/ Yoast SEO plugin. -->","yoast_head_json":{"title":"H\u00edreink - Sherpa Rally","robots":{"index":"index","follow":"follow","max-snippet":"max-snippet:-1","max-image-preview":"max-image-preview:large","max-video-preview":"max-video-preview:-1"},"canonical":"https:\/\/wp.sherparally.hu\/index.php\/hirek\/","og_locale":"hu_HU","og_type":"article","og_title":"H\u00edreink - Sherpa Rally","og_description":"Uncategorized bejegyz\u00e9s 2 adminnov 1, 20241 min read r\u00e9pa, retek, mogyi Hello world! adminokt 9, 20241 min read Welcome to WordPress. This is your first&hellip;","og_url":"https:\/\/wp.sherparally.hu\/index.php\/hirek\/","og_site_name":"Sherpa Rally","article_modified_time":"2024-11-02T20:01:40+00:00","og_image":[{"url":"https:\/\/wp.sherparally.hu\/wp-content\/plugins\/ultimate-post\/assets\/img\/ultp-fallback-img.png","type":"","width":"","height":""}],"twitter_card":"summary_large_image","twitter_misc":{"Becs\u00fclt olvas\u00e1si id\u0151":"1 perc"},"schema":{"@context":"https:\/\/schema.org","@graph":[{"@type":"WebPage","@id":"https:\/\/wp.sherparally.hu\/index.php\/hirek\/","url":"https:\/\/wp.sherparally.hu\/index.php\/hirek\/","name":"H\u00edreink - Sherpa Rally","isPartOf":{"@id":"https:\/\/wp.sherparally.hu\/#website"},"primaryImageOfPage":{"@id":"https:\/\/wp.sherparally.hu\/index.php\/hirek\/#primaryimage"},"image":{"@id":"https:\/\/wp.sherparally.hu\/index.php\/hirek\/#primaryimage"},"thumbnailUrl":"https:\/\/wp.sherparally.hu\/wp-content\/plugins\/ultimate-post\/assets\/img\/ultp-fallback-img.png","datePublished":"2024-11-01T14:25:24+00:00","dateModified":"2024-11-02T20:01:40+00:00","breadcrumb":{"@id":"https:\/\/wp.sherparally.hu\/index.php\/hirek\/#breadcrumb"},"inLanguage":"hu","potentialAction":[{"@type":"ReadAction","target":["https:\/\/wp.sherparally.hu\/index.php\/hirek\/"]}]},{"@type":"ImageObject","inLanguage":"hu","@id":"https:\/\/wp.sherparally.hu\/index.php\/hirek\/#primaryimage","url":"https:\/\/wp.sherparally.hu\/wp-content\/plugins\/ultimate-post\/assets\/img\/ultp-fallback-img.png","contentUrl":"https:\/\/wp.sherparally.hu\/wp-content\/plugins\/ultimate-post\/assets\/img\/ultp-fallback-img.png"},{"@type":"BreadcrumbList","@id":"https:\/\/wp.sherparally.hu\/index.php\/hirek\/#breadcrumb","itemListElement":[{"@type":"ListItem","position":1,"name":"Kezd\u0151lap","item":"https:\/\/wp.sherparally.hu\/"},{"@type":"ListItem","position":2,"name":"H\u00edreink"}]},{"@type":"WebSite","@id":"https:\/\/wp.sherparally.hu\/#website","url":"https:\/\/wp.sherparally.hu\/","name":"Sherpa Rally","description":"","publisher":{"@id":"https:\/\/wp.sherparally.hu\/#organization"},"potentialAction":[{"@type":"SearchAction","target":{"@type":"EntryPoint","urlTemplate":"https:\/\/wp.sherparally.hu\/?s={search_term_string}"},"query-input":{"@type":"PropertyValueSpecification","valueRequired":true,"valueName":"search_term_string"}}],"inLanguage":"hu"},{"@type":"Organization","@id":"https:\/\/wp.sherparally.hu\/#organization","name":"Sherpa Rally","url":"https:\/\/wp.sherparally.hu\/","logo":{"@type":"ImageObject","inLanguage":"hu","@id":"https:\/\/wp.sherparally.hu\/#\/schema\/logo\/image\/","url":"https:\/\/wp.sherparally.hu\/wp-content\/uploads\/2024\/10\/logo.png","contentUrl":"https:\/\/wp.sherparally.hu\/wp-content\/uploads\/2024\/10\/logo.png","width":2500,"height":500,"caption":"Sherpa Rally"},"image":{"@id":"https:\/\/wp.sherparally.hu\/#\/schema\/logo\/image\/"}}]}},"_links":{"self":[{"href":"https:\/\/wp.sherparally.hu\/index.php\/wp-json\/wp\/v2\/pages\/200","targetHints":{"allow":["GET"]}}],"collection":[{"href":"https:\/\/wp.sherparally.hu\/index.php\/wp-json\/wp\/v2\/pages"}],"about":[{"href":"https:\/\/wp.sherparally.hu\/index.php\/wp-json\/wp\/v2\/types\/page"}],"author":[{"embeddable":true,"href":"https:\/\/wp.sherparally.hu\/index.php\/wp-json\/wp\/v2\/users\/1"}],"replies":[{"embeddable":true,"href":"https:\/\/wp.sherparally.hu\/index.php\/wp-json\/wp\/v2\/comments?post=200"}],"version-history":[{"count":17,"href":"https:\/\/wp.sherparally.hu\/index.php\/wp-json\/wp\/v2\/pages\/200\/revisions"}],"predecessor-version":[{"id":482,"href":"https:\/\/wp.sherparally.hu\/index.php\/wp-json\/wp\/v2\/pages\/200\/revisions\/482"}],"wp:attachment":[{"href":"https:\/\/wp.sherparally.hu\/index.php\/wp-json\/wp\/v2\/media?parent=200"}],"curies":[{"name":"wp","href":"https:\/\/api.w.org\/{rel}","templated":true}]}}