{"id":831,"date":"2024-11-25T23:08:51","date_gmt":"2024-11-25T23:08:51","guid":{"rendered":"https:\/\/wp.sherparally.hu\/?page_id=831"},"modified":"2025-04-27T15:20:47","modified_gmt":"2025-04-27T14:20:47","slug":"info","status":"publish","type":"page","link":"https:\/\/wp.sherparally.hu\/index.php\/info\/","title":{"rendered":"Inform\u00e1ci\u00f3k"},"content":{"rendered":"\t\t<div data-elementor-type=\"wp-page\" data-elementor-id=\"831\" class=\"elementor elementor-831\" data-elementor-post-type=\"page\">\n\t\t\t\t<div class=\"elementor-element elementor-element-d94662f e-flex e-con-boxed e-con e-parent\" data-id=\"d94662f\" data-element_type=\"container\" data-e-type=\"container\">\n\t\t\t\t\t<div class=\"e-con-inner\">\n\t\t\t\t<div class=\"elementor-element elementor-element-b4cd1e1 elementor-widget elementor-widget-heading\" data-id=\"b4cd1e1\" data-element_type=\"widget\" data-e-type=\"widget\" data-widget_type=\"heading.default\">\n\t\t\t\t<div class=\"elementor-widget-container\">\n\t\t\t\t\t<h2 class=\"elementor-heading-title elementor-size-default\">\u00d6n a Teambuilding Sportegyes\u00fclet \u00e9s a Sherpa Rally jogi t\u00e1j\u00e9koztat\u00f3 oldal\u00e1t l\u00e1tja.<\/h2>\t\t\t\t<\/div>\n\t\t\t\t<\/div>\n\t\t\t\t<div class=\"elementor-element elementor-element-3640728 elementor-widget elementor-widget-text-editor\" data-id=\"3640728\" data-element_type=\"widget\" data-e-type=\"widget\" data-widget_type=\"text-editor.default\">\n\t\t\t\t<div class=\"elementor-widget-container\">\n\t\t\t\t\t\t\t\t\t<p>Az al\u00e1bbi felsorol\u00e1sban linkelt sz\u00f6vegek kattint\u00e1s\u00e1val megtekintheti a megadott jogi t\u00e1j\u00e9koztat\u00f3t. T\u00e1j\u00e9koztatjuk, hogy a Teambuilding Sportegyes\u00fclet 2009-es bejegyz\u00e9se \u00f3ta minden jogot fenntart. T\u00e1j\u00e9koztatjuk, hogy az im\u00e9nt eml\u00edtett sportegyes\u00fclet tulajdona a Sherpa Rally Trademark.<\/p>\t\t\t\t\t\t\t\t<\/div>\n\t\t\t\t<\/div>\n\t\t\t\t\t<\/div>\n\t\t\t\t<\/div>\n\t\t<div class=\"elementor-element elementor-element-def5790 e-flex e-con-boxed e-con e-parent\" data-id=\"def5790\" data-element_type=\"container\" data-e-type=\"container\">\n\t\t\t\t\t<div class=\"e-con-inner\">\n\t\t\t\t<div class=\"elementor-element elementor-element-604a031 elementor-widget elementor-widget-heading\" data-id=\"604a031\" data-element_type=\"widget\" data-e-type=\"widget\" data-widget_type=\"heading.default\">\n\t\t\t\t<div class=\"elementor-widget-container\">\n\t\t\t\t\t<h3 class=\"elementor-heading-title elementor-size-default\">Teambuilding Sportegyes\u00fclet<\/h3>\t\t\t\t<\/div>\n\t\t\t\t<\/div>\n\t\t\t\t<div class=\"elementor-element elementor-element-4be39fc elementor-widget elementor-widget-text-editor\" data-id=\"4be39fc\" data-element_type=\"widget\" data-e-type=\"widget\" data-widget_type=\"text-editor.default\">\n\t\t\t\t<div class=\"elementor-widget-container\">\n\t\t\t\t\t\t\t\t\t<ul><li><span style=\"color: var( --e-global-color-text ); font-family: var( --e-global-typography-text-font-family ), Sans-serif; font-weight: var( --e-global-typography-text-font-weight ); text-align: var(--text-align);\"><a href=\"https:\/\/wp.sherparally.hu\/index.php\/info\/adatkezeles\/\">Adatkezel\u00e9si t\u00e1j\u00e9koztat\u00f3<\/a> (sherparally.hu)<\/span><\/li><li><a href=\"https:\/\/wp.sherparally.hu\/index.php\/info\/impresszum\/\">Impresszum<\/a>\u00a0(sherparally.hu)<\/li><\/ul>\t\t\t\t\t\t\t\t<\/div>\n\t\t\t\t<\/div>\n\t\t\t\t<div class=\"elementor-element elementor-element-af37632 elementor-widget elementor-widget-heading\" data-id=\"af37632\" data-element_type=\"widget\" data-e-type=\"widget\" data-widget_type=\"heading.default\">\n\t\t\t\t<div class=\"elementor-widget-container\">\n\t\t\t\t\t<h3 class=\"elementor-heading-title elementor-size-default\">Sherpa Rally<\/h3>\t\t\t\t<\/div>\n\t\t\t\t<\/div>\n\t\t\t\t<div class=\"elementor-element elementor-element-225e6dd elementor-widget elementor-widget-text-editor\" data-id=\"225e6dd\" data-element_type=\"widget\" data-e-type=\"widget\" data-widget_type=\"text-editor.default\">\n\t\t\t\t<div class=\"elementor-widget-container\">\n\t\t\t\t\t\t\t\t\t<ul><li><a href=\"https:\/\/wp.sherparally.hu\/index.php\/info\/versenyszabalyzat\/\">Versenyszab\u00e1lyzat<\/a><\/li><\/ul>\t\t\t\t\t\t\t\t<\/div>\n\t\t\t\t<\/div>\n\t\t\t\t\t<\/div>\n\t\t\t\t<\/div>\n\t\t\t\t<\/div>\n\t\t","protected":false},"excerpt":{"rendered":"<p>\u00d6n a Teambuilding Sportegyes\u00fclet \u00e9s a Sherpa Rally jogi t\u00e1j\u00e9koztat\u00f3 oldal\u00e1t l\u00e1tja. Az al\u00e1bbi felsorol\u00e1sban linkelt sz\u00f6vegek kattint\u00e1s\u00e1val megtekintheti a megadott jogi t\u00e1j\u00e9koztat\u00f3t. T\u00e1j\u00e9koztatjuk, hogy&hellip;<\/p>\n","protected":false},"author":1,"featured_media":0,"parent":0,"menu_order":0,"comment_status":"closed","ping_status":"closed","template":"","meta":{"footnotes":""},"class_list":["post-831","page","type-page","status-publish","hentry"],"yoast_head":"<!-- This site is optimized with the Yoast SEO plugin v27.5 - https:\/\/yoast.com\/product\/yoast-seo-wordpress\/ -->\n<title>Inform\u00e1ci\u00f3k - Sherpa Rally<\/title>\n<meta name=\"robots\" content=\"index, follow, max-snippet:-1, max-image-preview:large, max-video-preview:-1\" \/>\n<link rel=\"canonical\" href=\"https:\/\/wp.sherparally.hu\/index.php\/info\/\" \/>\n<meta property=\"og:locale\" content=\"hu_HU\" \/>\n<meta property=\"og:type\" content=\"article\" \/>\n<meta property=\"og:title\" content=\"Inform\u00e1ci\u00f3k - Sherpa Rally\" \/>\n<meta property=\"og:description\" content=\"\u00d6n a Teambuilding Sportegyes\u00fclet \u00e9s a Sherpa Rally jogi t\u00e1j\u00e9koztat\u00f3 oldal\u00e1t l\u00e1tja. Az al\u00e1bbi felsorol\u00e1sban linkelt sz\u00f6vegek kattint\u00e1s\u00e1val megtekintheti a megadott jogi t\u00e1j\u00e9koztat\u00f3t. T\u00e1j\u00e9koztatjuk, hogy&hellip;\" \/>\n<meta property=\"og:url\" content=\"https:\/\/wp.sherparally.hu\/index.php\/info\/\" \/>\n<meta property=\"og:site_name\" content=\"Sherpa Rally\" \/>\n<meta property=\"article:modified_time\" content=\"2025-04-27T14:20:47+00:00\" \/>\n<meta name=\"twitter:card\" content=\"summary_large_image\" \/>\n<meta name=\"twitter:label1\" content=\"Becs\u00fclt olvas\u00e1si id\u0151\" \/>\n\t<meta name=\"twitter:data1\" content=\"1 perc\" \/>\n<script type=\"application\/ld+json\" class=\"yoast-schema-graph\">{\"@context\":\"https:\\\/\\\/schema.org\",\"@graph\":[{\"@type\":\"WebPage\",\"@id\":\"https:\\\/\\\/wp.sherparally.hu\\\/index.php\\\/info\\\/\",\"url\":\"https:\\\/\\\/wp.sherparally.hu\\\/index.php\\\/info\\\/\",\"name\":\"Inform\u00e1ci\u00f3k - Sherpa Rally\",\"isPartOf\":{\"@id\":\"https:\\\/\\\/wp.sherparally.hu\\\/#website\"},\"datePublished\":\"2024-11-25T23:08:51+00:00\",\"dateModified\":\"2025-04-27T14:20:47+00:00\",\"breadcrumb\":{\"@id\":\"https:\\\/\\\/wp.sherparally.hu\\\/index.php\\\/info\\\/#breadcrumb\"},\"inLanguage\":\"hu\",\"potentialAction\":[{\"@type\":\"ReadAction\",\"target\":[\"https:\\\/\\\/wp.sherparally.hu\\\/index.php\\\/info\\\/\"]}]},{\"@type\":\"BreadcrumbList\",\"@id\":\"https:\\\/\\\/wp.sherparally.hu\\\/index.php\\\/info\\\/#breadcrumb\",\"itemListElement\":[{\"@type\":\"ListItem\",\"position\":1,\"name\":\"Kezd\u0151lap\",\"item\":\"https:\\\/\\\/wp.sherparally.hu\\\/\"},{\"@type\":\"ListItem\",\"position\":2,\"name\":\"Inform\u00e1ci\u00f3k\"}]},{\"@type\":\"WebSite\",\"@id\":\"https:\\\/\\\/wp.sherparally.hu\\\/#website\",\"url\":\"https:\\\/\\\/wp.sherparally.hu\\\/\",\"name\":\"Sherpa Rally\",\"description\":\"\",\"publisher\":{\"@id\":\"https:\\\/\\\/wp.sherparally.hu\\\/#organization\"},\"potentialAction\":[{\"@type\":\"SearchAction\",\"target\":{\"@type\":\"EntryPoint\",\"urlTemplate\":\"https:\\\/\\\/wp.sherparally.hu\\\/?s={search_term_string}\"},\"query-input\":{\"@type\":\"PropertyValueSpecification\",\"valueRequired\":true,\"valueName\":\"search_term_string\"}}],\"inLanguage\":\"hu\"},{\"@type\":\"Organization\",\"@id\":\"https:\\\/\\\/wp.sherparally.hu\\\/#organization\",\"name\":\"Sherpa Rally\",\"url\":\"https:\\\/\\\/wp.sherparally.hu\\\/\",\"logo\":{\"@type\":\"ImageObject\",\"inLanguage\":\"hu\",\"@id\":\"https:\\\/\\\/wp.sherparally.hu\\\/#\\\/schema\\\/logo\\\/image\\\/\",\"url\":\"https:\\\/\\\/wp.sherparally.hu\\\/wp-content\\\/uploads\\\/2024\\\/10\\\/logo.png\",\"contentUrl\":\"https:\\\/\\\/wp.sherparally.hu\\\/wp-content\\\/uploads\\\/2024\\\/10\\\/logo.png\",\"width\":2500,\"height\":500,\"caption\":\"Sherpa Rally\"},\"image\":{\"@id\":\"https:\\\/\\\/wp.sherparally.hu\\\/#\\\/schema\\\/logo\\\/image\\\/\"}}]}<\/script>\n<!-- \/ Yoast SEO plugin. -->","yoast_head_json":{"title":"Inform\u00e1ci\u00f3k - Sherpa Rally","robots":{"index":"index","follow":"follow","max-snippet":"max-snippet:-1","max-image-preview":"max-image-preview:large","max-video-preview":"max-video-preview:-1"},"canonical":"https:\/\/wp.sherparally.hu\/index.php\/info\/","og_locale":"hu_HU","og_type":"article","og_title":"Inform\u00e1ci\u00f3k - Sherpa Rally","og_description":"\u00d6n a Teambuilding Sportegyes\u00fclet \u00e9s a Sherpa Rally jogi t\u00e1j\u00e9koztat\u00f3 oldal\u00e1t l\u00e1tja. Az al\u00e1bbi felsorol\u00e1sban linkelt sz\u00f6vegek kattint\u00e1s\u00e1val megtekintheti a megadott jogi t\u00e1j\u00e9koztat\u00f3t. T\u00e1j\u00e9koztatjuk, hogy&hellip;","og_url":"https:\/\/wp.sherparally.hu\/index.php\/info\/","og_site_name":"Sherpa Rally","article_modified_time":"2025-04-27T14:20:47+00:00","twitter_card":"summary_large_image","twitter_misc":{"Becs\u00fclt olvas\u00e1si id\u0151":"1 perc"},"schema":{"@context":"https:\/\/schema.org","@graph":[{"@type":"WebPage","@id":"https:\/\/wp.sherparally.hu\/index.php\/info\/","url":"https:\/\/wp.sherparally.hu\/index.php\/info\/","name":"Inform\u00e1ci\u00f3k - Sherpa Rally","isPartOf":{"@id":"https:\/\/wp.sherparally.hu\/#website"},"datePublished":"2024-11-25T23:08:51+00:00","dateModified":"2025-04-27T14:20:47+00:00","breadcrumb":{"@id":"https:\/\/wp.sherparally.hu\/index.php\/info\/#breadcrumb"},"inLanguage":"hu","potentialAction":[{"@type":"ReadAction","target":["https:\/\/wp.sherparally.hu\/index.php\/info\/"]}]},{"@type":"BreadcrumbList","@id":"https:\/\/wp.sherparally.hu\/index.php\/info\/#breadcrumb","itemListElement":[{"@type":"ListItem","position":1,"name":"Kezd\u0151lap","item":"https:\/\/wp.sherparally.hu\/"},{"@type":"ListItem","position":2,"name":"Inform\u00e1ci\u00f3k"}]},{"@type":"WebSite","@id":"https:\/\/wp.sherparally.hu\/#website","url":"https:\/\/wp.sherparally.hu\/","name":"Sherpa Rally","description":"","publisher":{"@id":"https:\/\/wp.sherparally.hu\/#organization"},"potentialAction":[{"@type":"SearchAction","target":{"@type":"EntryPoint","urlTemplate":"https:\/\/wp.sherparally.hu\/?s={search_term_string}"},"query-input":{"@type":"PropertyValueSpecification","valueRequired":true,"valueName":"search_term_string"}}],"inLanguage":"hu"},{"@type":"Organization","@id":"https:\/\/wp.sherparally.hu\/#organization","name":"Sherpa Rally","url":"https:\/\/wp.sherparally.hu\/","logo":{"@type":"ImageObject","inLanguage":"hu","@id":"https:\/\/wp.sherparally.hu\/#\/schema\/logo\/image\/","url":"https:\/\/wp.sherparally.hu\/wp-content\/uploads\/2024\/10\/logo.png","contentUrl":"https:\/\/wp.sherparally.hu\/wp-content\/uploads\/2024\/10\/logo.png","width":2500,"height":500,"caption":"Sherpa Rally"},"image":{"@id":"https:\/\/wp.sherparally.hu\/#\/schema\/logo\/image\/"}}]}},"_links":{"self":[{"href":"https:\/\/wp.sherparally.hu\/index.php\/wp-json\/wp\/v2\/pages\/831","targetHints":{"allow":["GET"]}}],"collection":[{"href":"https:\/\/wp.sherparally.hu\/index.php\/wp-json\/wp\/v2\/pages"}],"about":[{"href":"https:\/\/wp.sherparally.hu\/index.php\/wp-json\/wp\/v2\/types\/page"}],"author":[{"embeddable":true,"href":"https:\/\/wp.sherparally.hu\/index.php\/wp-json\/wp\/v2\/users\/1"}],"replies":[{"embeddable":true,"href":"https:\/\/wp.sherparally.hu\/index.php\/wp-json\/wp\/v2\/comments?post=831"}],"version-history":[{"count":26,"href":"https:\/\/wp.sherparally.hu\/index.php\/wp-json\/wp\/v2\/pages\/831\/revisions"}],"predecessor-version":[{"id":1220,"href":"https:\/\/wp.sherparally.hu\/index.php\/wp-json\/wp\/v2\/pages\/831\/revisions\/1220"}],"wp:attachment":[{"href":"https:\/\/wp.sherparally.hu\/index.php\/wp-json\/wp\/v2\/media?parent=831"}],"curies":[{"name":"wp","href":"https:\/\/api.w.org\/{rel}","templated":true}]}}