{"id":834,"date":"2024-11-25T23:11:12","date_gmt":"2024-11-25T23:11:12","guid":{"rendered":"https:\/\/wp.sherparally.hu\/?page_id=834"},"modified":"2025-10-05T18:14:44","modified_gmt":"2025-10-05T17:14:44","slug":"uj-weblap","status":"publish","type":"page","link":"https:\/\/wp.sherparally.hu\/index.php\/info\/uj-weblap\/","title":{"rendered":"\u00daj oldal"},"content":{"rendered":"<h2>2025-tel meg\u00fajul a Sherpa Rally, Magyarorsz\u00e1g els\u0151sz\u00e1m\u00fa teherhord\u00f3verseny\u00e9nek honlapja.<\/h2>\n<p>B\u00edzunk benne, hogy sikeresen megtal\u00e1lj\u00e1tok majd amit kerestek, \u00fagy gondoljuk, hogy ezzel a modernebb megold\u00e1ssal megk\u00f6nny\u00edthetj\u00fck sz\u00e1motokra az eligazod\u00e1st \u00e9s<br \/>\negy jobb felhaszn\u00e1l\u00f3i \u00e9lm\u00e9nyt teremthet\u00fcnk. M\u00e9giscsak 2008 \u00f3ta ugyan \u00fagy n\u00e9z ki az oldal&#8230; itt volt m\u00e1r az ideje!<\/p>\n<p>Lehet felt\u0171nt, hogy az oldal automatikus a &#8222;wp&#8221; el\u0151taggal jelenik meg, ez ne ijesszen meg senki,<br \/>\nez a hivatalos weblap, csak a k\u00f6lt\u00f6z\u00e9st \u00edgy tudtuk megoldani, k\u00e9s\u0151bb rem\u00e9lhet\u0151leg kijav\u00edt\u00e1sra ker\u00fcl.<\/p>\n<p>&nbsp;<\/p>\n<p>Az oldalt fejlesztette: J\u00e1rd\u00e1n Mil\u00e1n \u2013 Webfejleszt\u00e9s, informatikai h\u00e1l\u00f3zatok telep\u00edt\u00e9se.<br \/>\n+36 70 606 6705, milan.jardan@gmail.com<\/p>\n","protected":false},"excerpt":{"rendered":"<p>2025-tel meg\u00fajul a Sherpa Rally, Magyarorsz\u00e1g els\u0151sz\u00e1m\u00fa teherhord\u00f3verseny\u00e9nek honlapja. B\u00edzunk benne, hogy sikeresen megtal\u00e1lj\u00e1tok majd amit kerestek, \u00fagy gondoljuk, hogy ezzel a modernebb megold\u00e1ssal megk\u00f6nny\u00edthetj\u00fck&hellip;<\/p>\n","protected":false},"author":1,"featured_media":0,"parent":831,"menu_order":5,"comment_status":"closed","ping_status":"closed","template":"","meta":{"footnotes":""},"class_list":["post-834","page","type-page","status-publish","hentry"],"yoast_head":"<!-- This site is optimized with the Yoast SEO plugin v27.5 - https:\/\/yoast.com\/product\/yoast-seo-wordpress\/ -->\n<title>\u00daj oldal - Sherpa Rally<\/title>\n<meta name=\"robots\" content=\"noindex, follow\" \/>\n<meta property=\"og:locale\" content=\"hu_HU\" \/>\n<meta property=\"og:type\" content=\"article\" \/>\n<meta property=\"og:title\" content=\"\u00daj oldal - Sherpa Rally\" \/>\n<meta property=\"og:description\" content=\"2025-tel meg\u00fajul a Sherpa Rally, Magyarorsz\u00e1g els\u0151sz\u00e1m\u00fa teherhord\u00f3verseny\u00e9nek honlapja. B\u00edzunk benne, hogy sikeresen megtal\u00e1lj\u00e1tok majd amit kerestek, \u00fagy gondoljuk, hogy ezzel a modernebb megold\u00e1ssal megk\u00f6nny\u00edthetj\u00fck&hellip;\" \/>\n<meta property=\"og:url\" content=\"https:\/\/wp.sherparally.hu\/index.php\/info\/uj-weblap\/\" \/>\n<meta property=\"og:site_name\" content=\"Sherpa Rally\" \/>\n<meta property=\"article:modified_time\" content=\"2025-10-05T17:14:44+00:00\" \/>\n<meta name=\"twitter:card\" content=\"summary_large_image\" \/>\n<meta name=\"twitter:label1\" content=\"Becs\u00fclt olvas\u00e1si id\u0151\" \/>\n\t<meta name=\"twitter:data1\" content=\"1 perc\" \/>\n<script type=\"application\/ld+json\" class=\"yoast-schema-graph\">{\"@context\":\"https:\\\/\\\/schema.org\",\"@graph\":[{\"@type\":\"WebPage\",\"@id\":\"https:\\\/\\\/wp.sherparally.hu\\\/index.php\\\/info\\\/uj-weblap\\\/\",\"url\":\"https:\\\/\\\/wp.sherparally.hu\\\/index.php\\\/info\\\/uj-weblap\\\/\",\"name\":\"\u00daj oldal - Sherpa Rally\",\"isPartOf\":{\"@id\":\"https:\\\/\\\/wp.sherparally.hu\\\/#website\"},\"datePublished\":\"2024-11-25T23:11:12+00:00\",\"dateModified\":\"2025-10-05T17:14:44+00:00\",\"breadcrumb\":{\"@id\":\"https:\\\/\\\/wp.sherparally.hu\\\/index.php\\\/info\\\/uj-weblap\\\/#breadcrumb\"},\"inLanguage\":\"hu\",\"potentialAction\":[{\"@type\":\"ReadAction\",\"target\":[\"https:\\\/\\\/wp.sherparally.hu\\\/index.php\\\/info\\\/uj-weblap\\\/\"]}]},{\"@type\":\"BreadcrumbList\",\"@id\":\"https:\\\/\\\/wp.sherparally.hu\\\/index.php\\\/info\\\/uj-weblap\\\/#breadcrumb\",\"itemListElement\":[{\"@type\":\"ListItem\",\"position\":1,\"name\":\"Kezd\u0151lap\",\"item\":\"https:\\\/\\\/wp.sherparally.hu\\\/\"},{\"@type\":\"ListItem\",\"position\":2,\"name\":\"Inform\u00e1ci\u00f3k\",\"item\":\"https:\\\/\\\/wp.sherparally.hu\\\/index.php\\\/info\\\/\"},{\"@type\":\"ListItem\",\"position\":3,\"name\":\"\u00daj oldal\"}]},{\"@type\":\"WebSite\",\"@id\":\"https:\\\/\\\/wp.sherparally.hu\\\/#website\",\"url\":\"https:\\\/\\\/wp.sherparally.hu\\\/\",\"name\":\"Sherpa Rally\",\"description\":\"\",\"publisher\":{\"@id\":\"https:\\\/\\\/wp.sherparally.hu\\\/#organization\"},\"potentialAction\":[{\"@type\":\"SearchAction\",\"target\":{\"@type\":\"EntryPoint\",\"urlTemplate\":\"https:\\\/\\\/wp.sherparally.hu\\\/?s={search_term_string}\"},\"query-input\":{\"@type\":\"PropertyValueSpecification\",\"valueRequired\":true,\"valueName\":\"search_term_string\"}}],\"inLanguage\":\"hu\"},{\"@type\":\"Organization\",\"@id\":\"https:\\\/\\\/wp.sherparally.hu\\\/#organization\",\"name\":\"Sherpa Rally\",\"url\":\"https:\\\/\\\/wp.sherparally.hu\\\/\",\"logo\":{\"@type\":\"ImageObject\",\"inLanguage\":\"hu\",\"@id\":\"https:\\\/\\\/wp.sherparally.hu\\\/#\\\/schema\\\/logo\\\/image\\\/\",\"url\":\"https:\\\/\\\/wp.sherparally.hu\\\/wp-content\\\/uploads\\\/2024\\\/10\\\/logo.png\",\"contentUrl\":\"https:\\\/\\\/wp.sherparally.hu\\\/wp-content\\\/uploads\\\/2024\\\/10\\\/logo.png\",\"width\":2500,\"height\":500,\"caption\":\"Sherpa Rally\"},\"image\":{\"@id\":\"https:\\\/\\\/wp.sherparally.hu\\\/#\\\/schema\\\/logo\\\/image\\\/\"}}]}<\/script>\n<!-- \/ Yoast SEO plugin. -->","yoast_head_json":{"title":"\u00daj oldal - Sherpa Rally","robots":{"index":"noindex","follow":"follow"},"og_locale":"hu_HU","og_type":"article","og_title":"\u00daj oldal - Sherpa Rally","og_description":"2025-tel meg\u00fajul a Sherpa Rally, Magyarorsz\u00e1g els\u0151sz\u00e1m\u00fa teherhord\u00f3verseny\u00e9nek honlapja. B\u00edzunk benne, hogy sikeresen megtal\u00e1lj\u00e1tok majd amit kerestek, \u00fagy gondoljuk, hogy ezzel a modernebb megold\u00e1ssal megk\u00f6nny\u00edthetj\u00fck&hellip;","og_url":"https:\/\/wp.sherparally.hu\/index.php\/info\/uj-weblap\/","og_site_name":"Sherpa Rally","article_modified_time":"2025-10-05T17:14:44+00:00","twitter_card":"summary_large_image","twitter_misc":{"Becs\u00fclt olvas\u00e1si id\u0151":"1 perc"},"schema":{"@context":"https:\/\/schema.org","@graph":[{"@type":"WebPage","@id":"https:\/\/wp.sherparally.hu\/index.php\/info\/uj-weblap\/","url":"https:\/\/wp.sherparally.hu\/index.php\/info\/uj-weblap\/","name":"\u00daj oldal - Sherpa Rally","isPartOf":{"@id":"https:\/\/wp.sherparally.hu\/#website"},"datePublished":"2024-11-25T23:11:12+00:00","dateModified":"2025-10-05T17:14:44+00:00","breadcrumb":{"@id":"https:\/\/wp.sherparally.hu\/index.php\/info\/uj-weblap\/#breadcrumb"},"inLanguage":"hu","potentialAction":[{"@type":"ReadAction","target":["https:\/\/wp.sherparally.hu\/index.php\/info\/uj-weblap\/"]}]},{"@type":"BreadcrumbList","@id":"https:\/\/wp.sherparally.hu\/index.php\/info\/uj-weblap\/#breadcrumb","itemListElement":[{"@type":"ListItem","position":1,"name":"Kezd\u0151lap","item":"https:\/\/wp.sherparally.hu\/"},{"@type":"ListItem","position":2,"name":"Inform\u00e1ci\u00f3k","item":"https:\/\/wp.sherparally.hu\/index.php\/info\/"},{"@type":"ListItem","position":3,"name":"\u00daj oldal"}]},{"@type":"WebSite","@id":"https:\/\/wp.sherparally.hu\/#website","url":"https:\/\/wp.sherparally.hu\/","name":"Sherpa Rally","description":"","publisher":{"@id":"https:\/\/wp.sherparally.hu\/#organization"},"potentialAction":[{"@type":"SearchAction","target":{"@type":"EntryPoint","urlTemplate":"https:\/\/wp.sherparally.hu\/?s={search_term_string}"},"query-input":{"@type":"PropertyValueSpecification","valueRequired":true,"valueName":"search_term_string"}}],"inLanguage":"hu"},{"@type":"Organization","@id":"https:\/\/wp.sherparally.hu\/#organization","name":"Sherpa Rally","url":"https:\/\/wp.sherparally.hu\/","logo":{"@type":"ImageObject","inLanguage":"hu","@id":"https:\/\/wp.sherparally.hu\/#\/schema\/logo\/image\/","url":"https:\/\/wp.sherparally.hu\/wp-content\/uploads\/2024\/10\/logo.png","contentUrl":"https:\/\/wp.sherparally.hu\/wp-content\/uploads\/2024\/10\/logo.png","width":2500,"height":500,"caption":"Sherpa Rally"},"image":{"@id":"https:\/\/wp.sherparally.hu\/#\/schema\/logo\/image\/"}}]}},"_links":{"self":[{"href":"https:\/\/wp.sherparally.hu\/index.php\/wp-json\/wp\/v2\/pages\/834","targetHints":{"allow":["GET"]}}],"collection":[{"href":"https:\/\/wp.sherparally.hu\/index.php\/wp-json\/wp\/v2\/pages"}],"about":[{"href":"https:\/\/wp.sherparally.hu\/index.php\/wp-json\/wp\/v2\/types\/page"}],"author":[{"embeddable":true,"href":"https:\/\/wp.sherparally.hu\/index.php\/wp-json\/wp\/v2\/users\/1"}],"replies":[{"embeddable":true,"href":"https:\/\/wp.sherparally.hu\/index.php\/wp-json\/wp\/v2\/comments?post=834"}],"version-history":[{"count":4,"href":"https:\/\/wp.sherparally.hu\/index.php\/wp-json\/wp\/v2\/pages\/834\/revisions"}],"predecessor-version":[{"id":1402,"href":"https:\/\/wp.sherparally.hu\/index.php\/wp-json\/wp\/v2\/pages\/834\/revisions\/1402"}],"up":[{"embeddable":true,"href":"https:\/\/wp.sherparally.hu\/index.php\/wp-json\/wp\/v2\/pages\/831"}],"wp:attachment":[{"href":"https:\/\/wp.sherparally.hu\/index.php\/wp-json\/wp\/v2\/media?parent=834"}],"curies":[{"name":"wp","href":"https:\/\/api.w.org\/{rel}","templated":true}]}}